{"id":1744,"date":"2023-07-25T16:17:19","date_gmt":"2023-07-25T20:17:19","guid":{"rendered":"https:\/\/lab.space\/contact\/"},"modified":"2023-10-30T11:34:04","modified_gmt":"2023-10-30T15:34:04","slug":"contactez-nous","status":"publish","type":"page","link":"https:\/\/lab.space\/fr\/contactez-nous\/","title":{"rendered":"Contact"},"content":{"rendered":"\n    <section class=\"faq section\">\n        \n<span class=\"absolute -top-48 left-0\"  id=\"faq\" ><\/span>        <div class=\"wrapper || lg:grid-col\">\n                            \n<div class=\"text-description || col-span-6 || lg:col-span-5 2xl:col-span-6\">\n            <p class=\"subtitle || mb-8\">faq<\/p>\n                <h2 class=\"text-h2 || mb-8 max-w-[868px]\">Nous avons des r\u00e9ponses \u00e0 vos questions<\/h2>\n                <div class=\"wysiwyg-container || mb-8 max-w-[750px]\"><\/div>\n        <\/div>                        <div class=\"questions || flex flex-col gap-y-2 col-span-7 col-end-13 || 2xl:col-span-6\">\n                \n<div class=\"js-accordion-parent || rounded-[20px] py-6 px-8 bg-white\">\n    \n<div class=\"js-accordion-trigger || hover:cursor-pointer\">\n    <button class=\"relative w-full items-center grid-col focus:outline-none focus-visible:outline-none\" aria-controls=\"faq-1\" aria-expanded=\"false\">\n        <div class=\"grid [grid-template-columns:auto_1fr] items-start gap-x-2 col-start-1 col-span-11\">\n            <p class=\"subtitle hidden ||mt-[9px] || sm:block sm:mt-3 xl:mt-[14px] \">01.<\/p>\n            <p class=\"big-text text-left\">Combien co\u00fbte la conception et la construction d&rsquo;un espace laboratoire ?<\/p>\n        <\/div>\n        <div class=\"absolute right-0 col-start-12 col-span-1 h-[7px] w-[14px] ml-auto\">\n            <span class=\"js-accordion-button || transition-transform duration-300 absolute block h-[7px] w-[14px] top-1\/2 left-1\/2 transform -translate-x-1\/2 -translate-y-1\/2 z-10\">\n                <svg width=\"13\" height=\"8\" viewBox=\"0 0 13 8\" fill=\"none\" xmlns=\"http:\/\/www.w3.org\/2000\/svg\">\n<path d=\"M1 1L6.5 6.5L12 1\" stroke=\"#131E26\" stroke-width=\"2\" stroke-linecap=\"round\" stroke-linejoin=\"round\"\/>\n<\/svg>\n            <\/span>\n        <\/div>\n    <\/button>\n<\/div>\n<div class=\"js-accordion-content || h-0 opacity-0 pointer-events-none overflow-hidden\">\n    <div class=\"wysiwyg-container || max-w-none mt-10 mb-4\">\n        <p>C&rsquo;est un sujet chaud ! Comme vous pouvez l&rsquo;imaginer, de nombreux \u00e9l\u00e9ments peuvent influencer les prix. La r\u00e9ponse courte est que la conception et la construction d&rsquo;un am\u00e9nagement int\u00e9rieur moyen pour un laboratoire standard, de niveau de bios\u00e9curit\u00e9 1 ou 2, co\u00fbteront en moyenne entre 350 $CAD par pied carr\u00e9 et 550 $CAD par pied carr\u00e9, selon la quantit\u00e9 d&rsquo;\u00e9quipement sp\u00e9cialis\u00e9 n\u00e9cessaire, la qualit\u00e9 des finitions et la taille de l&rsquo;espace. Cela dit, le sujet est tellement complexe que nous avons r\u00e9dig\u00e9 un long article de blog \u00e0 ce sujet que vous pouvez lire <a href=\"https:\/\/lab.space\/fr\/faq-fr\/combien-coute-la-conception-et-la-construction-dun-laboratoire\/\">ici<\/a>.<\/p>\n    <\/div>\n<\/div><\/div>\n<div class=\"js-accordion-parent || rounded-[20px] py-6 px-8 bg-white\">\n    \n<div class=\"js-accordion-trigger || hover:cursor-pointer\">\n    <button class=\"relative w-full items-center grid-col focus:outline-none focus-visible:outline-none\" aria-controls=\"faq-2\" aria-expanded=\"false\">\n        <div class=\"grid [grid-template-columns:auto_1fr] items-start gap-x-2 col-start-1 col-span-11\">\n            <p class=\"subtitle hidden ||mt-[9px] || sm:block sm:mt-3 xl:mt-[14px] \">02.<\/p>\n            <p class=\"big-text text-left\">Combien de temps prend le processus de conception et de construction d&rsquo;un espace laboratoire ?<\/p>\n        <\/div>\n        <div class=\"absolute right-0 col-start-12 col-span-1 h-[7px] w-[14px] ml-auto\">\n            <span class=\"js-accordion-button || transition-transform duration-300 absolute block h-[7px] w-[14px] top-1\/2 left-1\/2 transform -translate-x-1\/2 -translate-y-1\/2 z-10\">\n                <svg width=\"13\" height=\"8\" viewBox=\"0 0 13 8\" fill=\"none\" xmlns=\"http:\/\/www.w3.org\/2000\/svg\">\n<path d=\"M1 1L6.5 6.5L12 1\" stroke=\"#131E26\" stroke-width=\"2\" stroke-linecap=\"round\" stroke-linejoin=\"round\"\/>\n<\/svg>\n            <\/span>\n        <\/div>\n    <\/button>\n<\/div>\n<div class=\"js-accordion-content || h-0 opacity-0 pointer-events-none overflow-hidden\">\n    <div class=\"wysiwyg-container || max-w-none mt-10 mb-4\">\n        <p>Il est toujours difficile de dire, mais en utilisant une approche cl\u00e9 en main, de la conception \u00e0 la construction, nous pouvons commencer \u00e0 commander des \u00e9l\u00e9ments \u00e0 long d\u00e9lai de livraison tout en achevant la conception et m\u00eame commencer la d\u00e9molition, si n\u00e9cessaire. En g\u00e9n\u00e9ral, un projet de 5 000 \u00e0 50 000 pieds carr\u00e9s n\u00e9cessite environ 10 \u00e0 14 mois pour \u00eatre compl\u00e9t\u00e9, de la premi\u00e8re \u00e9tape : l&rsquo;\u00e9tude de faisabilit\u00e9, \u00e0 la derni\u00e8re \u00e9tape avant l&#8217;emm\u00e9nagement : le nettoyage final et la mise en service.<\/p>\n<p>Pour en savoir plus, consultez notre <a href=\"https:\/\/lab.space\/fr\/faq-fr\/combien-de-temps-faut-il-pour-concevoir-et-construire-un-espace-de-laboratoire\/\">article de blogue<\/a>.<\/p>\n    <\/div>\n<\/div><\/div>\n<div class=\"js-accordion-parent || rounded-[20px] py-6 px-8 bg-white\">\n    \n<div class=\"js-accordion-trigger || hover:cursor-pointer\">\n    <button class=\"relative w-full items-center grid-col focus:outline-none focus-visible:outline-none\" aria-controls=\"faq-3\" aria-expanded=\"false\">\n        <div class=\"grid [grid-template-columns:auto_1fr] items-start gap-x-2 col-start-1 col-span-11\">\n            <p class=\"subtitle hidden ||mt-[9px] || sm:block sm:mt-3 xl:mt-[14px] \">03.<\/p>\n            <p class=\"big-text text-left\">Faites-vous seulement des projets cl\u00e9 en main ?<\/p>\n        <\/div>\n        <div class=\"absolute right-0 col-start-12 col-span-1 h-[7px] w-[14px] ml-auto\">\n            <span class=\"js-accordion-button || transition-transform duration-300 absolute block h-[7px] w-[14px] top-1\/2 left-1\/2 transform -translate-x-1\/2 -translate-y-1\/2 z-10\">\n                <svg width=\"13\" height=\"8\" viewBox=\"0 0 13 8\" fill=\"none\" xmlns=\"http:\/\/www.w3.org\/2000\/svg\">\n<path d=\"M1 1L6.5 6.5L12 1\" stroke=\"#131E26\" stroke-width=\"2\" stroke-linecap=\"round\" stroke-linejoin=\"round\"\/>\n<\/svg>\n            <\/span>\n        <\/div>\n    <\/button>\n<\/div>\n<div class=\"js-accordion-content || h-0 opacity-0 pointer-events-none overflow-hidden\">\n    <div class=\"wysiwyg-container || max-w-none mt-10 mb-4\">\n        <p>Non. Cependant, selon nos plus de 14 ans d&rsquo;exp\u00e9rience, ne pas opter pour une approche cl\u00e9 en main, de la conception \u00e0 la construction (c&rsquo;est-\u00e0-dire avec une seule entit\u00e9 responsable de tout), met beaucoup plus de pression sur le client qui devra alors jouer le r\u00f4le de leader du projet et de superviseur des divers intervenants : la municipalit\u00e9, le cabinet d&rsquo;architecture, la firme d&rsquo;ing\u00e9nierie, le propri\u00e9taire du b\u00e2timent, les voisins et\/ou les autres locataires de l&rsquo;immeuble, et l&rsquo;entrepreneur g\u00e9n\u00e9ral.<\/p>\n    <\/div>\n<\/div><\/div>            <\/div>\n        <\/div>\n    <\/section>\n\n","protected":false},"excerpt":{"rendered":"","protected":false},"author":1,"featured_media":0,"parent":0,"menu_order":0,"comment_status":"closed","ping_status":"closed","template":"page-contact.php","meta":{"_acf_changed":false,"footnotes":""},"class_list":["post-1744","page","type-page","status-publish","hentry"],"acf":[],"_links":{"self":[{"href":"https:\/\/lab.space\/fr\/wp-json\/wp\/v2\/pages\/1744","targetHints":{"allow":["GET"]}}],"collection":[{"href":"https:\/\/lab.space\/fr\/wp-json\/wp\/v2\/pages"}],"about":[{"href":"https:\/\/lab.space\/fr\/wp-json\/wp\/v2\/types\/page"}],"author":[{"embeddable":true,"href":"https:\/\/lab.space\/fr\/wp-json\/wp\/v2\/users\/1"}],"replies":[{"embeddable":true,"href":"https:\/\/lab.space\/fr\/wp-json\/wp\/v2\/comments?post=1744"}],"version-history":[{"count":0,"href":"https:\/\/lab.space\/fr\/wp-json\/wp\/v2\/pages\/1744\/revisions"}],"wp:attachment":[{"href":"https:\/\/lab.space\/fr\/wp-json\/wp\/v2\/media?parent=1744"}],"curies":[{"name":"wp","href":"https:\/\/api.w.org\/{rel}","templated":true}]}}