{"id":1815,"date":"2023-09-26T15:56:17","date_gmt":"2023-09-26T19:56:17","guid":{"rendered":"https:\/\/lab.space\/lib-becomes-lab-space\/"},"modified":"2023-10-30T14:30:22","modified_gmt":"2023-10-30T18:30:22","slug":"lib-devient-lab-space","status":"publish","type":"page","link":"https:\/\/lab.space\/fr\/lib-devient-lab-space\/","title":{"rendered":"Lib. devient Lab.Space"},"content":{"rendered":"    <section class=\"text-image || bg-light-gray rounded-2xl  py-20 relative -my-6 || md:my-6 lg:py-10 xl:py-20 lg:rounded-[28px] \">\n        \n<span class=\"absolute -top-48 left-0\"  id=\"new-website\" ><\/span>        <div class=\"wrapper flex flex-col md:grid-col md:items-center \">\n            <div class=\"md:col-start-1 col-span-6 xl:col-span-5 || flex flex-col justify-center mb-16 || lg:mb-0\">\n            <p class=\"subtitle || block mb-8\">Nouvelle identit\u00e9<\/p>\n                <h2 class=\"text-h2 || mb-8\">Lib. devient Lab.space<\/h2>\n                    <div class=\"wysiwyg-container max-w-none\">\n                <p>M\u00eame expertise, m\u00eame \u00e9quipe, nouvelle marque.<\/p>\n<p><a class=\"btn-blue-mono\" href=\"https:\/\/lab.space\/fr\"> Visitez notre nouveau site web<\/a><\/p>\n            <\/div>\n            <\/div>    <div class=\"md:col-start-7 col-span-6 flex flex-col h-full \">\n        <div class=\"thumbnail w-full rounded-2xl lg:rounded-[28px]\"  style=\"padding-bottom: 91.820276497696%\" >\n      <img decoding=\"async\" width=\"1024\" height=\"683\" data-src=\"https:\/\/lab.space\/wp-content\/uploads\/2023\/09\/0423_gorini-1024x683.jpg\" class=\"attachment-1024x9999 size-1024x9999 lazyload\" alt=\"Alexandria office - laboratories\" data-srcset=\"https:\/\/lab.space\/wp-content\/uploads\/2023\/09\/0423_gorini-1024x683.jpg 1024w, https:\/\/lab.space\/wp-content\/uploads\/2023\/09\/0423_gorini-1920x1280.jpg 1920w, https:\/\/lab.space\/wp-content\/uploads\/2023\/09\/0423_gorini-1640x1093.jpg 1640w, https:\/\/lab.space\/wp-content\/uploads\/2023\/09\/0423_gorini-1360x907.jpg 1360w, https:\/\/lab.space\/wp-content\/uploads\/2023\/09\/0423_gorini-640x427.jpg 640w, https:\/\/lab.space\/wp-content\/uploads\/2023\/09\/0423_gorini-350x233.jpg 350w, https:\/\/lab.space\/wp-content\/uploads\/2023\/09\/0423_gorini-150x100.jpg 150w\" data-sizes=\"(max-width: 1024px) 100vw, 1024px\" src=\"data:image\/svg+xml;base64,PHN2ZyB3aWR0aD0iMSIgaGVpZ2h0PSIxIiB4bWxucz0iaHR0cDovL3d3dy53My5vcmcvMjAwMC9zdmciPjwvc3ZnPg==\" style=\"--smush-placeholder-width: 1024px; --smush-placeholder-aspect-ratio: 1024\/683;\" \/>  <\/div>            <\/div>\n        <\/div>\n    <\/section>\n","protected":false},"excerpt":{"rendered":"","protected":false},"author":1,"featured_media":0,"parent":0,"menu_order":0,"comment_status":"closed","ping_status":"closed","template":"","meta":{"_acf_changed":false,"footnotes":""},"class_list":["post-1815","page","type-page","status-publish","hentry"],"acf":[],"_links":{"self":[{"href":"https:\/\/lab.space\/fr\/wp-json\/wp\/v2\/pages\/1815","targetHints":{"allow":["GET"]}}],"collection":[{"href":"https:\/\/lab.space\/fr\/wp-json\/wp\/v2\/pages"}],"about":[{"href":"https:\/\/lab.space\/fr\/wp-json\/wp\/v2\/types\/page"}],"author":[{"embeddable":true,"href":"https:\/\/lab.space\/fr\/wp-json\/wp\/v2\/users\/1"}],"replies":[{"embeddable":true,"href":"https:\/\/lab.space\/fr\/wp-json\/wp\/v2\/comments?post=1815"}],"version-history":[{"count":0,"href":"https:\/\/lab.space\/fr\/wp-json\/wp\/v2\/pages\/1815\/revisions"}],"wp:attachment":[{"href":"https:\/\/lab.space\/fr\/wp-json\/wp\/v2\/media?parent=1815"}],"curies":[{"name":"wp","href":"https:\/\/api.w.org\/{rel}","templated":true}]}}